{"id":255,"date":"2025-01-31T11:21:28","date_gmt":"2025-01-31T08:21:28","guid":{"rendered":"https:\/\/www.drnuribattal.com\/?page_id=255"},"modified":"2025-01-31T14:41:41","modified_gmt":"2025-01-31T11:41:41","slug":"genital-aesthetics","status":"publish","type":"page","link":"https:\/\/www.drnuribattal.com\/en\/genital-aesthetics\/","title":{"rendered":"Genital Aesthetics"},"content":{"rendered":"\n<style type=\"text\/css\" data-created_by=\"avia_inline_auto\" id=\"style-css-av-1vxddj-1629e733e66c15a168810d1ae622e664\">\n.avia-section.av-1vxddj-1629e733e66c15a168810d1ae622e664{\nbackground-color:#444444;\nbackground-image:unset;\n}\n<\/style>\n<div id='av_section_1'  class='avia-section av-1vxddj-1629e733e66c15a168810d1ae622e664 main_color avia-section-large avia-no-border-styling  avia-builder-el-0  el_before_av_two_fifth  avia-builder-el-first  avia-bg-style-scroll container_wrap sidebar_right'  ><div class='container av-section-cont-open' ><main  role=\"main\" itemprop=\"mainContentOfPage\"  class='template-page content  av-content-small alpha units'><div class='post-entry post-entry-type-page post-entry-255'><div class='entry-content-wrapper clearfix'>\n\n<style type=\"text\/css\" data-created_by=\"avia_inline_auto\" id=\"style-css-av-m6khw1u5-bc554fd9dcd6c991c4641ea2d0ebcbe7\">\n#top .av-special-heading.av-m6khw1u5-bc554fd9dcd6c991c4641ea2d0ebcbe7{\npadding-bottom:10px;\n}\nbody .av-special-heading.av-m6khw1u5-bc554fd9dcd6c991c4641ea2d0ebcbe7 .av-special-heading-tag .heading-char{\nfont-size:25px;\n}\n.av-special-heading.av-m6khw1u5-bc554fd9dcd6c991c4641ea2d0ebcbe7 .av-subheading{\nfont-size:15px;\n}\n<\/style>\n<div  class='av-special-heading av-m6khw1u5-bc554fd9dcd6c991c4641ea2d0ebcbe7 av-special-heading-h1 blockquote modern-quote modern-centered  avia-builder-el-1  el_before_av_hr  avia-builder-el-first '><h1 class='av-special-heading-tag '  itemprop=\"headline\"  >Genital Aesthetics<\/h1><div class=\"special-heading-border\"><div class=\"special-heading-inner-border\"><\/div><\/div><\/div>\n\n<style type=\"text\/css\" data-created_by=\"avia_inline_auto\" id=\"style-css-av-1p9dpr-be0d4ec53bf5328f004a3232b6954821\">\n#top .hr.hr-invisible.av-1p9dpr-be0d4ec53bf5328f004a3232b6954821{\nheight:20px;\n}\n<\/style>\n<div  class='hr av-1p9dpr-be0d4ec53bf5328f004a3232b6954821 hr-invisible  avia-builder-el-2  el_after_av_heading  el_before_av_one_third '><span class='hr-inner '><span class=\"hr-inner-style\"><\/span><\/span><\/div>\n\n<style type=\"text\/css\" data-created_by=\"avia_inline_auto\" id=\"style-css-av-1kd06f-35389432c15b1d83114289a50867ada8\">\n.flex_column.av-1kd06f-35389432c15b1d83114289a50867ada8{\nwidth:32%;\n}\n<\/style>\n<div  class='flex_column av-1kd06f-35389432c15b1d83114289a50867ada8 av_one_third  avia-builder-el-3  el_after_av_hr  el_before_av_two_third  first flex_column_div  '     ><style type=\"text\/css\" data-created_by=\"avia_inline_auto\" id=\"style-css-av-4uqbj-9b1f92b30c85a148100e8d49a8c72819\">\n@keyframes av_boxShadowEffect_av-4uqbj-9b1f92b30c85a148100e8d49a8c72819 {\n0%   { box-shadow:  0 0 0 0 #1c1c1c; opacity: 1; }\n100% { box-shadow:  0 0 10px 0 #1c1c1c; opacity: 1; }\n}\n.avia-image-container.av-4uqbj-9b1f92b30c85a148100e8d49a8c72819 img.avia_image{\nbox-shadow: 0 0 10px 0 #1c1c1c;\n}\n.avia-image-container.av-4uqbj-9b1f92b30c85a148100e8d49a8c72819 .av-image-caption-overlay-center{\ncolor:#ffffff;\n}\n<\/style>\n<div  class='avia-image-container av-4uqbj-9b1f92b30c85a148100e8d49a8c72819 av-styling- avia-align-center  avia-builder-el-4  avia-builder-el-no-sibling  av-img-box-shadow av-box-shadow-not-animated'   itemprop=\"image\" itemscope=\"itemscope\" itemtype=\"https:\/\/schema.org\/ImageObject\" ><div class=\"avia-image-container-inner\"><div class=\"avia-image-overlay-wrap\"><img decoding=\"async\" fetchpriority=\"high\" class='wp-image-131 avia-img-lazy-loading-not-131 avia_image shadow-not-animated' src=\"https:\/\/www.drnuribattal.com\/en\/wp-content\/uploads\/2025\/01\/labioplasti.jpg\" alt='Labioplasti - Dr. Nuri Battal - Ni\u015fanta\u015f\u0131 Estetik Cerrah' title=''  height=\"800\" width=\"800\"  itemprop=\"thumbnailUrl\" srcset=\"https:\/\/www.drnuribattal.com\/en\/wp-content\/uploads\/2025\/01\/labioplasti.jpg 800w, https:\/\/www.drnuribattal.com\/en\/wp-content\/uploads\/2025\/01\/labioplasti-300x300.jpg 300w, https:\/\/www.drnuribattal.com\/en\/wp-content\/uploads\/2025\/01\/labioplasti-80x80.jpg 80w, https:\/\/www.drnuribattal.com\/en\/wp-content\/uploads\/2025\/01\/labioplasti-768x768.jpg 768w, https:\/\/www.drnuribattal.com\/en\/wp-content\/uploads\/2025\/01\/labioplasti-36x36.jpg 36w, https:\/\/www.drnuribattal.com\/en\/wp-content\/uploads\/2025\/01\/labioplasti-180x180.jpg 180w, https:\/\/www.drnuribattal.com\/en\/wp-content\/uploads\/2025\/01\/labioplasti-705x705.jpg 705w\" sizes=\"(max-width: 800px) 100vw, 800px\" \/><\/div><\/div><\/div><\/div>\n<style type=\"text\/css\" data-created_by=\"avia_inline_auto\" id=\"style-css-av-18a5uv-c775cbfbd0774d20550867979c7bf23f\">\n.flex_column.av-18a5uv-c775cbfbd0774d20550867979c7bf23f{\nwidth:66%;\nmargin-left:2%;\n}\n<\/style>\n<div  class='flex_column av-18a5uv-c775cbfbd0774d20550867979c7bf23f av_two_third  avia-builder-el-5  el_after_av_one_third  avia-builder-el-last  flex_column_div  '     ><div id='av-masonry-1' class='av-masonry av-12hklj-3df5f11c564abc99edae94856f3b5b1a noHover av-flex-size av-large-gap av-hover-overlay-active av-masonry-animation-active av-masonry-col-2 av-caption-always av-caption-style- av-masonry-entries ' data-post_id=\"255\"><div class=\"av-masonry-container isotope av-js-disabled\"><div class='av-masonry-entry isotope-item av-masonry-item-no-image all_sort genital-estetik_sort  lazer-uygulamalari_sort '><\/div><a href=\"https:\/\/www.drnuribattal.com\/en\/labioplasty\/\"  id='av-masonry-1-item-130' data-av-masonry-item='130' class='av-masonry-entry isotope-item post-130 post type-post status-publish format-standard hentry category-genital-estetik all_sort genital-estetik_sort  av-masonry-item-no-image' title=\"Labioplasty\"   itemscope=\"itemscope\" itemtype=\"https:\/\/schema.org\/CreativeWork\" ><div class='av-inner-masonry-sizer'><\/div><figure class='av-inner-masonry main_color'><figcaption class='av-inner-masonry-content site-background'><div class='av-inner-masonry-content-pos'><div class='av-inner-masonry-content-pos-content'><div class='avia-arrow'><\/div><h3 class='av-masonry-entry-title entry-title '  itemprop=\"headline\" >Labioplasty<\/h3><span class='av-masonry-date meta-color updated'>31 Ocak 2025<\/span><span class=\"av-masonry-text-sep text-sep-author\">\/<\/span><span class='av-masonry-author meta-color author'><span class='fn'>taraf\u0131ndan dr.nbattal_tr<\/span><\/span><\/div><\/div><\/figcaption><\/figure><\/a><!--end av-masonry entry--><a href=\"https:\/\/www.drnuribattal.com\/en\/laser-vaginal-rejuvenation\/\"  id='av-masonry-1-item-150' data-av-masonry-item='150' class='av-masonry-entry isotope-item post-150 post type-post status-publish format-standard hentry category-genital-estetik category-lazer-uygulamalari all_sort genital-estetik_sort  lazer-uygulamalari_sort  av-masonry-item-no-image' title=\"Laser Vaginal Rejuvenation\"   itemscope=\"itemscope\" itemtype=\"https:\/\/schema.org\/CreativeWork\" ><div class='av-inner-masonry-sizer'><\/div><figure class='av-inner-masonry main_color'><figcaption class='av-inner-masonry-content site-background'><div class='av-inner-masonry-content-pos'><div class='av-inner-masonry-content-pos-content'><div class='avia-arrow'><\/div><h3 class='av-masonry-entry-title entry-title '  itemprop=\"headline\" >Laser Vaginal Rejuvenation<\/h3><span class='av-masonry-date meta-color updated'>31 Ocak 2025<\/span><span class=\"av-masonry-text-sep text-sep-author\">\/<\/span><span class='av-masonry-author meta-color author'><span class='fn'>taraf\u0131ndan dr.nbattal_tr<\/span><\/span><\/div><\/div><\/figcaption><\/figure><\/a><!--end av-masonry entry--><a href=\"https:\/\/www.drnuribattal.com\/en\/vagina-tightening\/\"  id='av-masonry-1-item-177' data-av-masonry-item='177' class='av-masonry-entry isotope-item post-177 post type-post status-publish format-standard hentry category-genital-estetik all_sort genital-estetik_sort  av-masonry-item-no-image' title=\"Vagina Tightening\"   itemscope=\"itemscope\" itemtype=\"https:\/\/schema.org\/CreativeWork\" ><div class='av-inner-masonry-sizer'><\/div><figure class='av-inner-masonry main_color'><figcaption class='av-inner-masonry-content site-background'><div class='av-inner-masonry-content-pos'><div class='av-inner-masonry-content-pos-content'><div class='avia-arrow'><\/div><h3 class='av-masonry-entry-title entry-title '  itemprop=\"headline\" >Vagina Tightening<\/h3><span class='av-masonry-date meta-color updated'>31 Ocak 2025<\/span><span class=\"av-masonry-text-sep text-sep-author\">\/<\/span><span class='av-masonry-author meta-color author'><span class='fn'>taraf\u0131ndan dr.nbattal_tr<\/span><\/span><\/div><\/div><\/figcaption><\/figure><\/a><!--end av-masonry entry--><a href=\"https:\/\/www.drnuribattal.com\/en\/vaginal-aesthetics\/\"  id='av-masonry-1-item-180' data-av-masonry-item='180' class='av-masonry-entry isotope-item post-180 post type-post status-publish format-standard hentry category-genital-estetik all_sort genital-estetik_sort  av-masonry-item-no-image' title=\"Vaginal Aesthetics\"   itemscope=\"itemscope\" itemtype=\"https:\/\/schema.org\/CreativeWork\" ><div class='av-inner-masonry-sizer'><\/div><figure class='av-inner-masonry main_color'><figcaption class='av-inner-masonry-content site-background'><div class='av-inner-masonry-content-pos'><div class='av-inner-masonry-content-pos-content'><div class='avia-arrow'><\/div><h3 class='av-masonry-entry-title entry-title '  itemprop=\"headline\" >Vaginal Aesthetics<\/h3><span class='av-masonry-date meta-color updated'>31 Ocak 2025<\/span><span class=\"av-masonry-text-sep text-sep-author\">\/<\/span><span class='av-masonry-author meta-color author'><span class='fn'>taraf\u0131ndan dr.nbattal_tr<\/span><\/span><\/div><\/div><\/figcaption><\/figure><\/a><!--end av-masonry entry--><\/div><\/div><\/div>\n<\/div><\/div><\/main><!-- close content main element --><\/div><\/div><div id='after_section_1'  class='main_color av_default_container_wrap container_wrap sidebar_right'  ><div class='container av-section-cont-open' ><div class='template-page content  av-content-small alpha units'><div class='post-entry post-entry-type-page post-entry-255'><div class='entry-content-wrapper clearfix'>\n\n<style type=\"text\/css\" data-created_by=\"avia_inline_auto\" id=\"style-css-av-av_two_fifth-d1ac50b4df9a7fdc261b00b5234a7e4a\">\n.flex_column.av-av_two_fifth-d1ac50b4df9a7fdc261b00b5234a7e4a{\nwidth:38.8%;\n}\n<\/style>\n<div  class='flex_column av-av_two_fifth-d1ac50b4df9a7fdc261b00b5234a7e4a av_two_fifth  avia-builder-el-7  el_after_av_section  el_before_av_three_fifth  avia-builder-el-first  first flex_column_div  '     ><style type=\"text\/css\" data-created_by=\"avia_inline_auto\" id=\"style-css-av-av_image-645740f398fd4134672c7202f21950d5\">\n@keyframes av_boxShadowEffect_av-av_image-645740f398fd4134672c7202f21950d5 {\n0%   { box-shadow:  0 0 0 0 #d1d1d1; opacity: 1; }\n100% { box-shadow:  0 0 10px 0 #d1d1d1; opacity: 1; }\n}\n.avia-image-container.av-av_image-645740f398fd4134672c7202f21950d5 img.avia_image{\nbox-shadow: 0 0 10px 0 #d1d1d1;\n}\n.avia-image-container.av-av_image-645740f398fd4134672c7202f21950d5 .av-image-caption-overlay-center{\ncolor:#ffffff;\n}\n<\/style>\n<div  class='avia-image-container av-av_image-645740f398fd4134672c7202f21950d5 av-styling- avia-align-center  avia-builder-el-8  avia-builder-el-no-sibling  av-img-box-shadow av-box-shadow-not-animated'   itemprop=\"image\" itemscope=\"itemscope\" itemtype=\"https:\/\/schema.org\/ImageObject\" ><div class=\"avia-image-container-inner\"><div class=\"avia-image-overlay-wrap\"><img decoding=\"async\" fetchpriority=\"high\" class='wp-image-193 avia-img-lazy-loading-not-193 avia_image shadow-not-animated' src=\"https:\/\/www.drnuribattal.com\/en\/wp-content\/uploads\/2025\/01\/dr-nuri-battal.jpg\" alt='Dr. Nuri Battal - Ni\u015fanta\u015f\u0131 Estetik Cerrah' title=''  height=\"1080\" width=\"1080\"  itemprop=\"thumbnailUrl\" srcset=\"https:\/\/www.drnuribattal.com\/en\/wp-content\/uploads\/2025\/01\/dr-nuri-battal.jpg 1080w, https:\/\/www.drnuribattal.com\/en\/wp-content\/uploads\/2025\/01\/dr-nuri-battal-300x300.jpg 300w, https:\/\/www.drnuribattal.com\/en\/wp-content\/uploads\/2025\/01\/dr-nuri-battal-1030x1030.jpg 1030w, https:\/\/www.drnuribattal.com\/en\/wp-content\/uploads\/2025\/01\/dr-nuri-battal-80x80.jpg 80w, https:\/\/www.drnuribattal.com\/en\/wp-content\/uploads\/2025\/01\/dr-nuri-battal-768x768.jpg 768w, https:\/\/www.drnuribattal.com\/en\/wp-content\/uploads\/2025\/01\/dr-nuri-battal-36x36.jpg 36w, https:\/\/www.drnuribattal.com\/en\/wp-content\/uploads\/2025\/01\/dr-nuri-battal-180x180.jpg 180w, https:\/\/www.drnuribattal.com\/en\/wp-content\/uploads\/2025\/01\/dr-nuri-battal-705x705.jpg 705w\" sizes=\"(max-width: 1080px) 100vw, 1080px\" \/><\/div><\/div><\/div><\/div>\n\n<style type=\"text\/css\" data-created_by=\"avia_inline_auto\" id=\"style-css-av-av_three_fifth-fcc184d83a3e5b612f34ba8c2e627674\">\n.flex_column.av-av_three_fifth-fcc184d83a3e5b612f34ba8c2e627674{\nwidth:59.2%;\nmargin-left:2%;\npadding:30px 30px 30px 30px;\nbackground-color:#ffffff;\n}\n<\/style>\n<div  class='flex_column av-av_three_fifth-fcc184d83a3e5b612f34ba8c2e627674 av_three_fifth  avia-builder-el-9  el_after_av_two_fifth  avia-builder-el-last  flex_column_div  '     ><p>\n<style type=\"text\/css\" data-created_by=\"avia_inline_auto\" id=\"style-css-av-av_heading-e62de913b2456147bbe61df085cab8f4\">\n#top .av-special-heading.av-av_heading-e62de913b2456147bbe61df085cab8f4{\npadding-bottom:10px;\n}\nbody .av-special-heading.av-av_heading-e62de913b2456147bbe61df085cab8f4 .av-special-heading-tag .heading-char{\nfont-size:25px;\n}\n.av-special-heading.av-av_heading-e62de913b2456147bbe61df085cab8f4 .av-subheading{\nfont-size:15px;\n}\n<\/style>\n<div  class='av-special-heading av-av_heading-e62de913b2456147bbe61df085cab8f4 av-special-heading-h3 blockquote modern-quote  avia-builder-el-10  el_before_av_textblock  avia-builder-el-first '><h3 class='av-special-heading-tag '  itemprop=\"headline\"  >Nuri Battal, M.D.<\/h3><div class='av-subheading av-subheading_below'><p>Aesthetic Surgery Specialist<\/p>\n<\/div><div class=\"special-heading-border\"><div class=\"special-heading-inner-border\"><\/div><\/div><\/div><br \/>\n<section  class='av_textblock_section av-av_textblock-7f8506aaef676c283cec0776b38bb511 '   itemscope=\"itemscope\" itemtype=\"https:\/\/schema.org\/CreativeWork\" ><div class='avia_textblock'  itemprop=\"text\" ><p>Dr. Battal entered Istanbul University Cerrahpa\u015fa Faculty of Medicine and graduated in October 1986.<\/p>\n<p>Dr. Battal started his General Surgery residency in 1987 by winning the assistantship exam opened by the same faculty&#8217;s Department of General Surgery. During his residency, he worked as a research fellow for 6 months in 1990 at the Nevada University General Surgery Clinic in the USA.<\/p>\n<p>In 1995, Dr. Battal went to Japan to specialize in Plastic and Reconstructive Surgery by winning the MONBUSHO scholarship of the Japanese Ministry of Health and Education. Dr. Battal completed his residency at Kagawa Medical University Plastic Surgery Department in 3 years and returned to Turkey.<\/p>\n<p>Dr. Battal is currently working as a freelance plastic and aesthetic surgeon.<\/p>\n<p><b>Surgeries Dr. Battal Is Particularly Interested In:<\/b><\/p>\n<ul>\n<li><a href=\"https:\/\/www.drnuribattal.com\/en\/new-face-surgery\/\">New Face Surgery<\/a><\/li>\n<li><a href=\"https:\/\/www.drnuribattal.com\/en\/breast-augmentation\/\">Scarless Breast Augmentation<\/a><\/li>\n<li><a href=\"https:\/\/www.drnuribattal.com\/en\/facelift\/\">3D Endoscopic Face Lift<\/a><\/li>\n<li><a href=\"https:\/\/www.drnuribattal.com\/en\/rhinoplasty\/\">Rhinoplasty<\/a><\/li>\n<\/ul>\n<\/div><\/section><br \/>\n<div  class='avia-button-wrap av-av_button-2184a1a3a28cdb6c2281c24529723984-wrap avia-button-left  avia-builder-el-12  el_after_av_textblock  avia-builder-el-last '><a href='https:\/\/www.drnuribattal.com\/en\/nuri-battal-md\/'  class='avia-button av-av_button-2184a1a3a28cdb6c2281c24529723984 av-link-btn avia-icon_select-no avia-size-large avia-position-left avia-color-dark'   aria-label=\"Learn more\"><span class='avia_iconbox_title' >Learn more<\/span><\/a><\/div><\/p><\/div>\n","protected":false},"excerpt":{"rendered":"","protected":false},"author":1,"featured_media":193,"parent":0,"menu_order":0,"comment_status":"closed","ping_status":"closed","template":"","meta":{"footnotes":""},"class_list":["post-255","page","type-page","status-publish","has-post-thumbnail","hentry"],"yoast_head":"<!-- This site is optimized with the Yoast SEO plugin v24.3 - https:\/\/yoast.com\/wordpress\/plugins\/seo\/ -->\n<title>Genital Aesthetics - Nuri Battal, M.D.<\/title>\n<meta name=\"robots\" content=\"index, follow, max-snippet:-1, max-image-preview:large, max-video-preview:-1\" \/>\n<link rel=\"canonical\" href=\"https:\/\/www.drnuribattal.com\/en\/genital-aesthetics\/\" \/>\n<meta property=\"og:locale\" content=\"tr_TR\" \/>\n<meta property=\"og:type\" content=\"article\" \/>\n<meta property=\"og:title\" content=\"Genital Aesthetics - Nuri Battal, M.D.\" \/>\n<meta property=\"og:url\" content=\"https:\/\/www.drnuribattal.com\/en\/genital-aesthetics\/\" \/>\n<meta property=\"og:site_name\" content=\"Nuri Battal, M.D.\" \/>\n<meta property=\"article:modified_time\" content=\"2025-01-31T11:41:41+00:00\" \/>\n<meta property=\"og:image\" content=\"https:\/\/www.drnuribattal.com\/en\/wp-content\/uploads\/2025\/01\/dr-nuri-battal.jpg\" \/>\n\t<meta property=\"og:image:width\" content=\"1080\" \/>\n\t<meta property=\"og:image:height\" content=\"1080\" \/>\n\t<meta property=\"og:image:type\" content=\"image\/jpeg\" \/>\n<meta name=\"twitter:card\" content=\"summary_large_image\" \/>\n<meta name=\"twitter:label1\" content=\"Tahmini okuma s\u00fcresi\" \/>\n\t<meta name=\"twitter:data1\" content=\"2 dakika\" \/>\n<script type=\"application\/ld+json\" class=\"yoast-schema-graph\">{\"@context\":\"https:\/\/schema.org\",\"@graph\":[{\"@type\":\"WebPage\",\"@id\":\"https:\/\/www.drnuribattal.com\/en\/genital-aesthetics\/\",\"url\":\"https:\/\/www.drnuribattal.com\/en\/genital-aesthetics\/\",\"name\":\"Genital Aesthetics - Nuri Battal, M.D.\",\"isPartOf\":{\"@id\":\"https:\/\/www.drnuribattal.com\/en\/#website\"},\"primaryImageOfPage\":{\"@id\":\"https:\/\/www.drnuribattal.com\/en\/genital-aesthetics\/#primaryimage\"},\"image\":{\"@id\":\"https:\/\/www.drnuribattal.com\/en\/genital-aesthetics\/#primaryimage\"},\"thumbnailUrl\":\"https:\/\/www.drnuribattal.com\/en\/wp-content\/uploads\/2025\/01\/dr-nuri-battal.jpg\",\"datePublished\":\"2025-01-31T08:21:28+00:00\",\"dateModified\":\"2025-01-31T11:41:41+00:00\",\"breadcrumb\":{\"@id\":\"https:\/\/www.drnuribattal.com\/en\/genital-aesthetics\/#breadcrumb\"},\"inLanguage\":\"tr\",\"potentialAction\":[{\"@type\":\"ReadAction\",\"target\":[\"https:\/\/www.drnuribattal.com\/en\/genital-aesthetics\/\"]}]},{\"@type\":\"ImageObject\",\"inLanguage\":\"tr\",\"@id\":\"https:\/\/www.drnuribattal.com\/en\/genital-aesthetics\/#primaryimage\",\"url\":\"https:\/\/www.drnuribattal.com\/en\/wp-content\/uploads\/2025\/01\/dr-nuri-battal.jpg\",\"contentUrl\":\"https:\/\/www.drnuribattal.com\/en\/wp-content\/uploads\/2025\/01\/dr-nuri-battal.jpg\",\"width\":1080,\"height\":1080,\"caption\":\"Dr. Nuri Battal - Ni\u015fanta\u015f\u0131 Estetik Cerrah\"},{\"@type\":\"BreadcrumbList\",\"@id\":\"https:\/\/www.drnuribattal.com\/en\/genital-aesthetics\/#breadcrumb\",\"itemListElement\":[{\"@type\":\"ListItem\",\"position\":1,\"name\":\"Anasayfa\",\"item\":\"https:\/\/www.drnuribattal.com\/en\/homepage\/\"},{\"@type\":\"ListItem\",\"position\":2,\"name\":\"Genital Aesthetics\"}]},{\"@type\":\"WebSite\",\"@id\":\"https:\/\/www.drnuribattal.com\/en\/#website\",\"url\":\"https:\/\/www.drnuribattal.com\/en\/\",\"name\":\"Nuri Battal, M.D.\",\"description\":\"\",\"potentialAction\":[{\"@type\":\"SearchAction\",\"target\":{\"@type\":\"EntryPoint\",\"urlTemplate\":\"https:\/\/www.drnuribattal.com\/en\/?s={search_term_string}\"},\"query-input\":{\"@type\":\"PropertyValueSpecification\",\"valueRequired\":true,\"valueName\":\"search_term_string\"}}],\"inLanguage\":\"tr\"}]}<\/script>\n<!-- \/ Yoast SEO plugin. -->","yoast_head_json":{"title":"Genital Aesthetics - Nuri Battal, M.D.","robots":{"index":"index","follow":"follow","max-snippet":"max-snippet:-1","max-image-preview":"max-image-preview:large","max-video-preview":"max-video-preview:-1"},"canonical":"https:\/\/www.drnuribattal.com\/en\/genital-aesthetics\/","og_locale":"tr_TR","og_type":"article","og_title":"Genital Aesthetics - Nuri Battal, M.D.","og_url":"https:\/\/www.drnuribattal.com\/en\/genital-aesthetics\/","og_site_name":"Nuri Battal, M.D.","article_modified_time":"2025-01-31T11:41:41+00:00","og_image":[{"width":1080,"height":1080,"url":"https:\/\/www.drnuribattal.com\/en\/wp-content\/uploads\/2025\/01\/dr-nuri-battal.jpg","type":"image\/jpeg"}],"twitter_card":"summary_large_image","twitter_misc":{"Tahmini okuma s\u00fcresi":"2 dakika"},"schema":{"@context":"https:\/\/schema.org","@graph":[{"@type":"WebPage","@id":"https:\/\/www.drnuribattal.com\/en\/genital-aesthetics\/","url":"https:\/\/www.drnuribattal.com\/en\/genital-aesthetics\/","name":"Genital Aesthetics - Nuri Battal, M.D.","isPartOf":{"@id":"https:\/\/www.drnuribattal.com\/en\/#website"},"primaryImageOfPage":{"@id":"https:\/\/www.drnuribattal.com\/en\/genital-aesthetics\/#primaryimage"},"image":{"@id":"https:\/\/www.drnuribattal.com\/en\/genital-aesthetics\/#primaryimage"},"thumbnailUrl":"https:\/\/www.drnuribattal.com\/en\/wp-content\/uploads\/2025\/01\/dr-nuri-battal.jpg","datePublished":"2025-01-31T08:21:28+00:00","dateModified":"2025-01-31T11:41:41+00:00","breadcrumb":{"@id":"https:\/\/www.drnuribattal.com\/en\/genital-aesthetics\/#breadcrumb"},"inLanguage":"tr","potentialAction":[{"@type":"ReadAction","target":["https:\/\/www.drnuribattal.com\/en\/genital-aesthetics\/"]}]},{"@type":"ImageObject","inLanguage":"tr","@id":"https:\/\/www.drnuribattal.com\/en\/genital-aesthetics\/#primaryimage","url":"https:\/\/www.drnuribattal.com\/en\/wp-content\/uploads\/2025\/01\/dr-nuri-battal.jpg","contentUrl":"https:\/\/www.drnuribattal.com\/en\/wp-content\/uploads\/2025\/01\/dr-nuri-battal.jpg","width":1080,"height":1080,"caption":"Dr. Nuri Battal - Ni\u015fanta\u015f\u0131 Estetik Cerrah"},{"@type":"BreadcrumbList","@id":"https:\/\/www.drnuribattal.com\/en\/genital-aesthetics\/#breadcrumb","itemListElement":[{"@type":"ListItem","position":1,"name":"Anasayfa","item":"https:\/\/www.drnuribattal.com\/en\/homepage\/"},{"@type":"ListItem","position":2,"name":"Genital Aesthetics"}]},{"@type":"WebSite","@id":"https:\/\/www.drnuribattal.com\/en\/#website","url":"https:\/\/www.drnuribattal.com\/en\/","name":"Nuri Battal, M.D.","description":"","potentialAction":[{"@type":"SearchAction","target":{"@type":"EntryPoint","urlTemplate":"https:\/\/www.drnuribattal.com\/en\/?s={search_term_string}"},"query-input":{"@type":"PropertyValueSpecification","valueRequired":true,"valueName":"search_term_string"}}],"inLanguage":"tr"}]}},"_links":{"self":[{"href":"https:\/\/www.drnuribattal.com\/en\/wp-json\/wp\/v2\/pages\/255","targetHints":{"allow":["GET"]}}],"collection":[{"href":"https:\/\/www.drnuribattal.com\/en\/wp-json\/wp\/v2\/pages"}],"about":[{"href":"https:\/\/www.drnuribattal.com\/en\/wp-json\/wp\/v2\/types\/page"}],"author":[{"embeddable":true,"href":"https:\/\/www.drnuribattal.com\/en\/wp-json\/wp\/v2\/users\/1"}],"replies":[{"embeddable":true,"href":"https:\/\/www.drnuribattal.com\/en\/wp-json\/wp\/v2\/comments?post=255"}],"version-history":[{"count":1,"href":"https:\/\/www.drnuribattal.com\/en\/wp-json\/wp\/v2\/pages\/255\/revisions"}],"predecessor-version":[{"id":365,"href":"https:\/\/www.drnuribattal.com\/en\/wp-json\/wp\/v2\/pages\/255\/revisions\/365"}],"wp:featuredmedia":[{"embeddable":true,"href":"https:\/\/www.drnuribattal.com\/en\/wp-json\/wp\/v2\/media\/193"}],"wp:attachment":[{"href":"https:\/\/www.drnuribattal.com\/en\/wp-json\/wp\/v2\/media?parent=255"}],"curies":[{"name":"wp","href":"https:\/\/api.w.org\/{rel}","templated":true}]}}