{"id":240,"date":"2025-01-31T11:08:39","date_gmt":"2025-01-31T08:08:39","guid":{"rendered":"https:\/\/www.drnuribattal.com\/?page_id=240"},"modified":"2025-01-31T14:40:58","modified_gmt":"2025-01-31T11:40:58","slug":"contact-us","status":"publish","type":"page","link":"https:\/\/www.drnuribattal.com\/en\/contact-us\/","title":{"rendered":"Contact Us"},"content":{"rendered":"\n<style type=\"text\/css\" data-created_by=\"avia_inline_auto\" id=\"style-css-av-26r7u-1fa8dedaac75f22c9f2efac547f9e30e\">\n#top .av-special-heading.av-26r7u-1fa8dedaac75f22c9f2efac547f9e30e{\npadding-bottom:10px;\n}\nbody .av-special-heading.av-26r7u-1fa8dedaac75f22c9f2efac547f9e30e .av-special-heading-tag .heading-char{\nfont-size:25px;\n}\n.av-special-heading.av-26r7u-1fa8dedaac75f22c9f2efac547f9e30e .av-subheading{\nfont-size:15px;\n}\n<\/style>\n<div  class='av-special-heading av-26r7u-1fa8dedaac75f22c9f2efac547f9e30e av-special-heading-h1  avia-builder-el-0  el_before_av_two_fifth  avia-builder-el-first '><h1 class='av-special-heading-tag '  itemprop=\"headline\"  >Contact Us<\/h1><div class=\"special-heading-border\"><div class=\"special-heading-inner-border\"><\/div><\/div><\/div>\n\n<style type=\"text\/css\" data-created_by=\"avia_inline_auto\" id=\"style-css-av-2ceb8-d37d56e5125d0fe7f319aefccd351c58\">\n.flex_column.av-2ceb8-d37d56e5125d0fe7f319aefccd351c58{\nwidth:38.8%;\n}\n<\/style>\n<div  class='flex_column av-2ceb8-d37d56e5125d0fe7f319aefccd351c58 av_two_fifth  avia-builder-el-1  el_after_av_heading  el_before_av_three_fifth  first flex_column_div  '     ><style type=\"text\/css\" data-created_by=\"avia_inline_auto\" id=\"style-css-av-2a6cw-e7d8860b823d4458daf74678d9d38592\">\n@keyframes av_boxShadowEffect_av-2a6cw-e7d8860b823d4458daf74678d9d38592 {\n0%   { box-shadow:  0 0 0 0 #d1d1d1; opacity: 1; }\n100% { box-shadow:  0 0 10px 0 #d1d1d1; opacity: 1; }\n}\n.avia-image-container.av-2a6cw-e7d8860b823d4458daf74678d9d38592 img.avia_image{\nbox-shadow: 0 0 10px 0 #d1d1d1;\n}\n.avia-image-container.av-2a6cw-e7d8860b823d4458daf74678d9d38592 .av-image-caption-overlay-center{\ncolor:#ffffff;\n}\n<\/style>\n<div  class='avia-image-container av-2a6cw-e7d8860b823d4458daf74678d9d38592 av-styling- avia-align-center  avia-builder-el-2  avia-builder-el-no-sibling  av-img-box-shadow av-box-shadow-not-animated'   itemprop=\"image\" itemscope=\"itemscope\" itemtype=\"https:\/\/schema.org\/ImageObject\" ><div class=\"avia-image-container-inner\"><div class=\"avia-image-overlay-wrap\"><img decoding=\"async\" fetchpriority=\"high\" class='wp-image-193 avia-img-lazy-loading-not-193 avia_image shadow-not-animated' src=\"https:\/\/www.drnuribattal.com\/en\/wp-content\/uploads\/2025\/01\/dr-nuri-battal.jpg\" alt='Dr. Nuri Battal - Ni\u015fanta\u015f\u0131 Estetik Cerrah' title=''  height=\"1080\" width=\"1080\"  itemprop=\"thumbnailUrl\" srcset=\"https:\/\/www.drnuribattal.com\/en\/wp-content\/uploads\/2025\/01\/dr-nuri-battal.jpg 1080w, https:\/\/www.drnuribattal.com\/en\/wp-content\/uploads\/2025\/01\/dr-nuri-battal-300x300.jpg 300w, https:\/\/www.drnuribattal.com\/en\/wp-content\/uploads\/2025\/01\/dr-nuri-battal-1030x1030.jpg 1030w, https:\/\/www.drnuribattal.com\/en\/wp-content\/uploads\/2025\/01\/dr-nuri-battal-80x80.jpg 80w, https:\/\/www.drnuribattal.com\/en\/wp-content\/uploads\/2025\/01\/dr-nuri-battal-768x768.jpg 768w, https:\/\/www.drnuribattal.com\/en\/wp-content\/uploads\/2025\/01\/dr-nuri-battal-36x36.jpg 36w, https:\/\/www.drnuribattal.com\/en\/wp-content\/uploads\/2025\/01\/dr-nuri-battal-180x180.jpg 180w, https:\/\/www.drnuribattal.com\/en\/wp-content\/uploads\/2025\/01\/dr-nuri-battal-705x705.jpg 705w\" sizes=\"(max-width: 1080px) 100vw, 1080px\" \/><\/div><\/div><\/div><\/div>\n\n<style type=\"text\/css\" data-created_by=\"avia_inline_auto\" id=\"style-css-av-291t6-a841512b438d223f002a57fe177e7bc0\">\n.flex_column.av-291t6-a841512b438d223f002a57fe177e7bc0{\nwidth:59.2%;\nmargin-left:2%;\npadding:30px 30px 30px 30px;\nbackground-color:#ffffff;\n}\n<\/style>\n<div  class='flex_column av-291t6-a841512b438d223f002a57fe177e7bc0 av_three_fifth  avia-builder-el-3  el_after_av_two_fifth  avia-builder-el-last  flex_column_div  '     ><p>\n<style type=\"text\/css\" data-created_by=\"avia_inline_auto\" id=\"style-css-av-m6khfp26-e964d1256b161b1224d7862a235941fa\">\n#top .avia-icon-list-container.av-m6khfp26-e964d1256b161b1224d7862a235941fa .iconlist_icon{\ncolor:#ffffff;\nbackground-color:#7fa517;\nborder:1px solid #7fa517;\n}\n#top #wrap_all .avia-icon-list-container.av-m6khfp26-e964d1256b161b1224d7862a235941fa .av_iconlist_title{\ncolor:#7fa517;\n}\n.avia-icon-list-container.av-m6khfp26-e964d1256b161b1224d7862a235941fa .iconlist_content{\ncolor:#454545;\n}\n<\/style>\n<div  class='avia-icon-list-container av-m6khfp26-e964d1256b161b1224d7862a235941fa  avia-builder-el-4  el_before_av_hr  avia-builder-el-first '><ul class='avia-icon-list avia_animate_when_almost_visible avia-icon-list-left av-iconlist-big av-m6khfp26-e964d1256b161b1224d7862a235941fa avia-iconlist-animate'>\n<li><div class='iconlist_icon av-m6khbvtu-42bf6b7916c96c0eac13fc15b26d9de3 avia-font-entypo-fontello'><span class='iconlist-char' aria-hidden='true' data-av_icon='\ue842' data-av_iconfont='entypo-fontello'><\/span><\/div><article class=\"article-icon-entry \"  itemscope=\"itemscope\" itemtype=\"https:\/\/schema.org\/CreativeWork\" ><div class=\"iconlist_content_wrap\"><header class=\"entry-content-header\"><h4 class='av_iconlist_title iconlist_title  av_inherit_color'  itemprop=\"headline\" >Address:<\/h4><\/header><div class='iconlist_content av_inherit_color'  itemprop=\"text\" ><p>Valikona\u011f\u0131 cad. No:83 D:5 Ni\u015fanta\u015f\u0131, \u0130STANBUL<\/p>\n<\/div><\/div><footer class=\"entry-footer\"><\/footer><\/article><div class=\"iconlist-timeline\"><\/div><\/li>\n<li><div class='iconlist_icon av-m6khcuvu-af673ba97039dcd20024977b9d6e5704 avia-font-entypo-fontello'><span class='iconlist-char' aria-hidden='true' data-av_icon='\ue854' data-av_iconfont='entypo-fontello'><\/span><\/div><article class=\"article-icon-entry \"  itemscope=\"itemscope\" itemtype=\"https:\/\/schema.org\/CreativeWork\" ><div class=\"iconlist_content_wrap\"><header class=\"entry-content-header\"><h4 class='av_iconlist_title iconlist_title  av_inherit_color'  itemprop=\"headline\" >Phone<\/h4><\/header><div class='iconlist_content av_inherit_color'  itemprop=\"text\" ><p><a href=\"tel:+902122323334\">+90 212 232 33 34<\/a><\/p>\n<\/div><\/div><footer class=\"entry-footer\"><\/footer><\/article><div class=\"iconlist-timeline\"><\/div><\/li>\n<li><div class='iconlist_icon av-m6khep6w-14adbae950025a2e9483af9db5cdc4e1 avia-font-entypo-fontello'><span class='iconlist-char' aria-hidden='true' data-av_icon='\uf16d' data-av_iconfont='entypo-fontello'><\/span><\/div><article class=\"article-icon-entry \"  itemscope=\"itemscope\" itemtype=\"https:\/\/schema.org\/CreativeWork\" ><div class=\"iconlist_content_wrap\"><header class=\"entry-content-header\"><h4 class='av_iconlist_title iconlist_title  av_inherit_color'  itemprop=\"headline\" >Instagram<\/h4><\/header><div class='iconlist_content av_inherit_color'  itemprop=\"text\" ><p><a href=\"https:\/\/www.instagram.com\/dr.nuribattal\" target=\"_blank\" rel=\"noopener\">dr.nuribattal<\/a><\/p>\n<\/div><\/div><footer class=\"entry-footer\"><\/footer><\/article><div class=\"iconlist-timeline\"><\/div><\/li>\n<\/ul><\/div><br \/>\n<div  class='hr av-8m280-879d0e38cf4edae16e89bf389add029f hr-default  avia-builder-el-5  el_after_av_iconlist  el_before_av_codeblock '><span class='hr-inner '><span class=\"hr-inner-style\"><\/span><\/span><\/div><br \/>\n<\/p><\/div>\n","protected":false},"excerpt":{"rendered":"","protected":false},"author":1,"featured_media":193,"parent":0,"menu_order":0,"comment_status":"closed","ping_status":"open","template":"","meta":{"footnotes":""},"class_list":["post-240","page","type-page","status-publish","has-post-thumbnail","hentry"],"yoast_head":"<!-- This site is optimized with the Yoast SEO plugin v24.3 - https:\/\/yoast.com\/wordpress\/plugins\/seo\/ -->\n<title>Dr. Nuri Battal<\/title>\n<meta name=\"robots\" content=\"index, follow, max-snippet:-1, max-image-preview:large, max-video-preview:-1\" \/>\n<link rel=\"canonical\" href=\"https:\/\/www.drnuribattal.com\/en\/contact-us\/\" \/>\n<meta property=\"og:locale\" content=\"tr_TR\" \/>\n<meta property=\"og:type\" content=\"article\" \/>\n<meta property=\"og:title\" content=\"Dr. Nuri Battal\" \/>\n<meta property=\"og:url\" content=\"https:\/\/www.drnuribattal.com\/en\/contact-us\/\" \/>\n<meta property=\"og:site_name\" content=\"Nuri Battal, M.D.\" \/>\n<meta property=\"article:modified_time\" content=\"2025-01-31T11:40:58+00:00\" \/>\n<meta property=\"og:image\" content=\"https:\/\/www.drnuribattal.com\/en\/wp-content\/uploads\/2025\/01\/dr-nuri-battal.jpg\" \/>\n\t<meta property=\"og:image:width\" content=\"1080\" \/>\n\t<meta property=\"og:image:height\" content=\"1080\" \/>\n\t<meta property=\"og:image:type\" content=\"image\/jpeg\" \/>\n<meta name=\"twitter:card\" content=\"summary_large_image\" \/>\n<meta name=\"twitter:label1\" content=\"Tahmini okuma s\u00fcresi\" \/>\n\t<meta name=\"twitter:data1\" content=\"1 dakika\" \/>\n<script type=\"application\/ld+json\" class=\"yoast-schema-graph\">{\"@context\":\"https:\/\/schema.org\",\"@graph\":[{\"@type\":\"WebPage\",\"@id\":\"https:\/\/www.drnuribattal.com\/en\/contact-us\/\",\"url\":\"https:\/\/www.drnuribattal.com\/en\/contact-us\/\",\"name\":\"Dr. Nuri Battal\",\"isPartOf\":{\"@id\":\"https:\/\/www.drnuribattal.com\/en\/#website\"},\"primaryImageOfPage\":{\"@id\":\"https:\/\/www.drnuribattal.com\/en\/contact-us\/#primaryimage\"},\"image\":{\"@id\":\"https:\/\/www.drnuribattal.com\/en\/contact-us\/#primaryimage\"},\"thumbnailUrl\":\"https:\/\/www.drnuribattal.com\/en\/wp-content\/uploads\/2025\/01\/dr-nuri-battal.jpg\",\"datePublished\":\"2025-01-31T08:08:39+00:00\",\"dateModified\":\"2025-01-31T11:40:58+00:00\",\"breadcrumb\":{\"@id\":\"https:\/\/www.drnuribattal.com\/en\/contact-us\/#breadcrumb\"},\"inLanguage\":\"tr\",\"potentialAction\":[{\"@type\":\"ReadAction\",\"target\":[\"https:\/\/www.drnuribattal.com\/en\/contact-us\/\"]}]},{\"@type\":\"ImageObject\",\"inLanguage\":\"tr\",\"@id\":\"https:\/\/www.drnuribattal.com\/en\/contact-us\/#primaryimage\",\"url\":\"https:\/\/www.drnuribattal.com\/en\/wp-content\/uploads\/2025\/01\/dr-nuri-battal.jpg\",\"contentUrl\":\"https:\/\/www.drnuribattal.com\/en\/wp-content\/uploads\/2025\/01\/dr-nuri-battal.jpg\",\"width\":1080,\"height\":1080,\"caption\":\"Dr. Nuri Battal - Ni\u015fanta\u015f\u0131 Estetik Cerrah\"},{\"@type\":\"BreadcrumbList\",\"@id\":\"https:\/\/www.drnuribattal.com\/en\/contact-us\/#breadcrumb\",\"itemListElement\":[{\"@type\":\"ListItem\",\"position\":1,\"name\":\"Anasayfa\",\"item\":\"https:\/\/www.drnuribattal.com\/en\/homepage\/\"},{\"@type\":\"ListItem\",\"position\":2,\"name\":\"Contact Us\"}]},{\"@type\":\"WebSite\",\"@id\":\"https:\/\/www.drnuribattal.com\/en\/#website\",\"url\":\"https:\/\/www.drnuribattal.com\/en\/\",\"name\":\"Nuri Battal, M.D.\",\"description\":\"\",\"potentialAction\":[{\"@type\":\"SearchAction\",\"target\":{\"@type\":\"EntryPoint\",\"urlTemplate\":\"https:\/\/www.drnuribattal.com\/en\/?s={search_term_string}\"},\"query-input\":{\"@type\":\"PropertyValueSpecification\",\"valueRequired\":true,\"valueName\":\"search_term_string\"}}],\"inLanguage\":\"tr\"}]}<\/script>\n<!-- \/ Yoast SEO plugin. -->","yoast_head_json":{"title":"Dr. Nuri Battal","robots":{"index":"index","follow":"follow","max-snippet":"max-snippet:-1","max-image-preview":"max-image-preview:large","max-video-preview":"max-video-preview:-1"},"canonical":"https:\/\/www.drnuribattal.com\/en\/contact-us\/","og_locale":"tr_TR","og_type":"article","og_title":"Dr. Nuri Battal","og_url":"https:\/\/www.drnuribattal.com\/en\/contact-us\/","og_site_name":"Nuri Battal, M.D.","article_modified_time":"2025-01-31T11:40:58+00:00","og_image":[{"width":1080,"height":1080,"url":"https:\/\/www.drnuribattal.com\/en\/wp-content\/uploads\/2025\/01\/dr-nuri-battal.jpg","type":"image\/jpeg"}],"twitter_card":"summary_large_image","twitter_misc":{"Tahmini okuma s\u00fcresi":"1 dakika"},"schema":{"@context":"https:\/\/schema.org","@graph":[{"@type":"WebPage","@id":"https:\/\/www.drnuribattal.com\/en\/contact-us\/","url":"https:\/\/www.drnuribattal.com\/en\/contact-us\/","name":"Dr. Nuri Battal","isPartOf":{"@id":"https:\/\/www.drnuribattal.com\/en\/#website"},"primaryImageOfPage":{"@id":"https:\/\/www.drnuribattal.com\/en\/contact-us\/#primaryimage"},"image":{"@id":"https:\/\/www.drnuribattal.com\/en\/contact-us\/#primaryimage"},"thumbnailUrl":"https:\/\/www.drnuribattal.com\/en\/wp-content\/uploads\/2025\/01\/dr-nuri-battal.jpg","datePublished":"2025-01-31T08:08:39+00:00","dateModified":"2025-01-31T11:40:58+00:00","breadcrumb":{"@id":"https:\/\/www.drnuribattal.com\/en\/contact-us\/#breadcrumb"},"inLanguage":"tr","potentialAction":[{"@type":"ReadAction","target":["https:\/\/www.drnuribattal.com\/en\/contact-us\/"]}]},{"@type":"ImageObject","inLanguage":"tr","@id":"https:\/\/www.drnuribattal.com\/en\/contact-us\/#primaryimage","url":"https:\/\/www.drnuribattal.com\/en\/wp-content\/uploads\/2025\/01\/dr-nuri-battal.jpg","contentUrl":"https:\/\/www.drnuribattal.com\/en\/wp-content\/uploads\/2025\/01\/dr-nuri-battal.jpg","width":1080,"height":1080,"caption":"Dr. Nuri Battal - Ni\u015fanta\u015f\u0131 Estetik Cerrah"},{"@type":"BreadcrumbList","@id":"https:\/\/www.drnuribattal.com\/en\/contact-us\/#breadcrumb","itemListElement":[{"@type":"ListItem","position":1,"name":"Anasayfa","item":"https:\/\/www.drnuribattal.com\/en\/homepage\/"},{"@type":"ListItem","position":2,"name":"Contact Us"}]},{"@type":"WebSite","@id":"https:\/\/www.drnuribattal.com\/en\/#website","url":"https:\/\/www.drnuribattal.com\/en\/","name":"Nuri Battal, M.D.","description":"","potentialAction":[{"@type":"SearchAction","target":{"@type":"EntryPoint","urlTemplate":"https:\/\/www.drnuribattal.com\/en\/?s={search_term_string}"},"query-input":{"@type":"PropertyValueSpecification","valueRequired":true,"valueName":"search_term_string"}}],"inLanguage":"tr"}]}},"_links":{"self":[{"href":"https:\/\/www.drnuribattal.com\/en\/wp-json\/wp\/v2\/pages\/240","targetHints":{"allow":["GET"]}}],"collection":[{"href":"https:\/\/www.drnuribattal.com\/en\/wp-json\/wp\/v2\/pages"}],"about":[{"href":"https:\/\/www.drnuribattal.com\/en\/wp-json\/wp\/v2\/types\/page"}],"author":[{"embeddable":true,"href":"https:\/\/www.drnuribattal.com\/en\/wp-json\/wp\/v2\/users\/1"}],"replies":[{"embeddable":true,"href":"https:\/\/www.drnuribattal.com\/en\/wp-json\/wp\/v2\/comments?post=240"}],"version-history":[{"count":1,"href":"https:\/\/www.drnuribattal.com\/en\/wp-json\/wp\/v2\/pages\/240\/revisions"}],"predecessor-version":[{"id":363,"href":"https:\/\/www.drnuribattal.com\/en\/wp-json\/wp\/v2\/pages\/240\/revisions\/363"}],"wp:featuredmedia":[{"embeddable":true,"href":"https:\/\/www.drnuribattal.com\/en\/wp-json\/wp\/v2\/media\/193"}],"wp:attachment":[{"href":"https:\/\/www.drnuribattal.com\/en\/wp-json\/wp\/v2\/media?parent=240"}],"curies":[{"name":"wp","href":"https:\/\/api.w.org\/{rel}","templated":true}]}}